{"id":271,"date":"2021-08-17T18:47:15","date_gmt":"2021-08-17T18:47:15","guid":{"rendered":"https:\/\/sasabezjak.si\/?page_id=271"},"modified":"2025-10-17T12:25:37","modified_gmt":"2025-10-17T12:25:37","slug":"biografija","status":"publish","type":"page","link":"https:\/\/sasabezjak.si\/en\/biografija\/","title":{"rendered":"Biography"},"content":{"rendered":"<div data-elementor-type=\"wp-page\" data-elementor-id=\"271\" class=\"elementor elementor-271\">\n\t\t\t\t\t\t<section class=\"elementor-section elementor-top-section elementor-element elementor-element-c1b99b3 elementor-section-full_width elementor-hidden-tablet elementor-hidden-mobile elementor-section-height-default elementor-section-height-default\" data-id=\"c1b99b3\" data-element_type=\"section\">\n\t\t\t\t\t\t<div class=\"elementor-container elementor-column-gap-no\">\n\t\t\t\t\t<div class=\"elementor-column elementor-col-100 elementor-top-column elementor-element elementor-element-d5c2bed\" data-id=\"d5c2bed\" data-element_type=\"column\" data-settings=\"{&quot;background_background&quot;:&quot;classic&quot;}\">\n\t\t\t<div class=\"elementor-widget-wrap elementor-element-populated\">\n\t\t\t\t\t\t<div class=\"elementor-element elementor-element-b131b61 elementor-widget elementor-widget-spacer\" data-id=\"b131b61\" data-element_type=\"widget\" data-widget_type=\"spacer.default\">\n\t\t\t\t<div class=\"elementor-widget-container\">\n\t\t\t\t\t\t\t<div class=\"elementor-spacer\">\n\t\t\t<div class=\"elementor-spacer-inner\"><\/div>\n\t\t<\/div>\n\t\t\t\t\t\t<\/div>\n\t\t\t\t<\/div>\n\t\t\t\t<div class=\"elementor-element elementor-element-fec8558 elementor-widget elementor-widget-text-editor\" data-id=\"fec8558\" data-element_type=\"widget\" data-widget_type=\"text-editor.default\">\n\t\t\t\t<div class=\"elementor-widget-container\">\n\t\t\t\t\t\t\t\t\t<p>Biography<\/p>\t\t\t\t\t\t\t\t<\/div>\n\t\t\t\t<\/div>\n\t\t\t\t<div class=\"elementor-element elementor-element-f62552d elementor-widget__width-initial elementor-widget elementor-widget-text-editor\" data-id=\"f62552d\" data-element_type=\"widget\" data-widget_type=\"text-editor.default\">\n\t\t\t\t<div class=\"elementor-widget-container\">\n\t\t\t\t\t\t\t\t\t<p class=\"p1\"><span class=\"s1\">Sa\u0161a Bezjak was born in 1971 in Maribor. She graduated from the Faculty of Education in Maribor in 1999, obtaining a degree in fine arts education under the mentorship of the sculpture professor Darko Golija. In 2001, she graduated from the Academy of Fine Arts in Ljubljana, acquiring a degree in painting under the mentorship of professors Metka Kra\u0161ovec and Dr Nadja Zgonik. She also completed her master's degree in sculpture at the Academy of Fine Arts in Ljubljana under the mentorship of the professor Lujo Vodopivec. She has been self-employed in the field of culture since 2002. In 2013, she was awarded the title of an expert assistant in special didactics by the University of Maribor. For two decades, she has been running fine arts workshops for youth and adults, assisting them as a teacher and mentor, set mainly in the rural environments of Styria (\u0160tajerska), Prlekija and Prekmurje. Since 2013, she has been deeply engaged in the activities at the Museum of Madness in Trate, helping those who are often deprived of the experience of artistic creativity due to prejudice and negative stereotypes linked to people with disabilities. The original and provocative Sa\u0161a Bezjak, who is predominantly devoted to drawing, also expresses her creativity through painting, sculpture, embroidery and performance art. Her works have been presented at numerous group and solo exhibitions in Slovenia and abroad. Her works can be found in many Slovenian collections (Maribor Art Gallery; Pomurje Academic Centre (PAC), Murska Sobota; Carinthia Gallery of Fine Arts, Slovenj Gradec; KIBLA Multimedia Centre, Maribor; Murska Sobota Gallery) and collections abroad (Imago Mundi Luciano Benetton Collection, Italy; Fondazione Pasqualle Batista, Italy).<\/span><\/p><p class=\"p1\"><span class=\"s1\"><br \/>In 2020, she received a working scholarship from the Ministry of Culture of the Republic of Slovenia, and the symposium projects Madness and Creativity? (2015) and Open Studio (2017) are also worth highlighting. In 2014, the Dr. Anton Trstenjak Foundation supported the publication of her monograph entitled Sa\u0161a Bezjak, Works. In 2016, her work Sa\u0161a Bezjak's Artistic Actions was published in the TOX collection of the KIBLA multimedia center. In 2021, she again received support from the Dr. Anton Trstenjak Foundation and the Ministry of Culture of the Republic of Slovenia and the Municipality of Gornja Radgona, which enabled her to publish a monograph entitled Risbe\/Drawings by the Primo\u017e Premzl Art Cabinet publishing house. In 2023, she also received the Open Studio project from the Ministry of Culture.<\/span><\/p><p class=\"p1\"><span class=\"s1\"><br \/>Since 2020, she has been partly employed at the People's University Ptuj. In 2021, she obtained the title of assistant professor for the subject area of fine arts at the University of Maribor. As an external collaborator, she worked for many years at the Department of Preschool Education at the Faculty of Education in Maribor. In 2025, she lived in the residence apartment of the Ministry of Culture in Vienna and there she researched art, culture and the art market, as well as the field of Art Brut.<\/span><\/p><p class=\"p1\"><span class=\"s1\"><br \/>She has been living and working in Gornja Radgona since 2006.<\/span><\/p>\t\t\t\t\t\t\t\t<\/div>\n\t\t\t\t<\/div>\n\t\t\t\t\t<\/div>\n\t\t<\/div>\n\t\t\t\t\t<\/div>\n\t\t<\/section>\n\t\t\t\t<section class=\"elementor-section elementor-top-section elementor-element elementor-element-3fd953e elementor-section-full_width elementor-hidden-desktop elementor-section-height-default elementor-section-height-default\" data-id=\"3fd953e\" data-element_type=\"section\">\n\t\t\t\t\t\t<div class=\"elementor-container elementor-column-gap-no\">\n\t\t\t\t\t<div class=\"elementor-column elementor-col-66 elementor-top-column elementor-element elementor-element-16210df\" data-id=\"16210df\" data-element_type=\"column\">\n\t\t\t<div class=\"elementor-widget-wrap elementor-element-populated\">\n\t\t\t\t\t\t<div class=\"elementor-element elementor-element-fda32e5 elementor-widget elementor-widget-text-editor\" data-id=\"fda32e5\" data-element_type=\"widget\" data-widget_type=\"text-editor.default\">\n\t\t\t\t<div class=\"elementor-widget-container\">\n\t\t\t\t\t\t\t\t\t<p>Biography<\/p>\t\t\t\t\t\t\t\t<\/div>\n\t\t\t\t<\/div>\n\t\t\t\t<div class=\"elementor-element elementor-element-a071e87 elementor-widget-tablet__width-initial elementor-widget-mobile__width-initial elementor-widget elementor-widget-text-editor\" data-id=\"a071e87\" data-element_type=\"widget\" data-widget_type=\"text-editor.default\">\n\t\t\t\t<div class=\"elementor-widget-container\">\n\t\t\t\t\t\t\t\t\t<p class=\"p1\"><span class=\"s1\">Sa\u0161a Bezjak was born in 1971 in Maribor. She graduated from the Faculty of Education in Maribor in 1999, obtaining a degree in fine arts education under the mentorship of the sculpture professor Darko Golija. In 2001, she graduated from the Academy of Fine Arts in Ljubljana, acquiring a degree in painting under the mentorship of professors Metka Kra\u0161ovec and Dr Nadja Zgonik. She also completed her master's degree in sculpture at the Academy of Fine Arts in Ljubljana under the mentorship of the professor Lujo Vodopivec. She has been self-employed in the field of culture since 2002. In 2013, she was awarded the title of an expert assistant in special didactics by the University of Maribor. For two decades, she has been running fine arts workshops for youth and adults, assisting them as a teacher and mentor, set mainly in the rural environments of Styria (\u0160tajerska), Prlekija and Prekmurje. Since 2013, she has been deeply engaged in the activities at the Museum of Madness in Trate, helping those who are often deprived of the experience of artistic creativity due to prejudice and negative stereotypes linked to people with disabilities. The original and provocative Sa\u0161a Bezjak, who is predominantly devoted to drawing, also expresses her creativity through painting, sculpture, embroidery and performance art. Her works have been presented at numerous group and solo exhibitions in Slovenia and abroad. Her works can be found in many Slovenian collections (Maribor Art Gallery; Pomurje Academic Centre (PAC), Murska Sobota; Carinthia Gallery of Fine Arts, Slovenj Gradec; KIBLA Multimedia Centre, Maribor; Murska Sobota Gallery) and collections abroad (Imago Mundi Luciano Benetton Collection, Italy; Fondazione Pasqualle Batista, Italy).<\/span><\/p><p class=\"p1\"><span class=\"s1\"><br \/>In 2020, she received a working scholarship from the Ministry of Culture of the Republic of Slovenia, and the symposium projects Madness and Creativity? (2015) and Open Studio (2017) are also worth highlighting. In 2014, the Dr. Anton Trstenjak Foundation supported the publication of her monograph entitled Sa\u0161a Bezjak, Works. In 2016, her work Sa\u0161a Bezjak's Artistic Actions was published in the TOX collection of the KIBLA multimedia center. In 2021, she again received support from the Dr. Anton Trstenjak Foundation and the Ministry of Culture of the Republic of Slovenia and the Municipality of Gornja Radgona, which enabled her to publish a monograph entitled Risbe\/Drawings by the Primo\u017e Premzl Art Cabinet publishing house. In 2023, she also received the Open Studio project from the Ministry of Culture.<\/span><\/p><p class=\"p1\"><span class=\"s1\"><br \/>Since 2020, she has been partly employed at the People's University Ptuj. In 2021, she obtained the title of assistant professor for the subject area of fine arts at the University of Maribor. As an external collaborator, she worked for many years at the Department of Preschool Education at the Faculty of Education in Maribor. In 2025, she lived in the residence apartment of the Ministry of Culture in Vienna and there she researched art, culture and the art market, as well as the field of Art Brut.<\/span><\/p><p class=\"p1\"><span class=\"s1\"><br \/>She has been living and working in Gornja Radgona since 2006.<\/span><\/p>\t\t\t\t\t\t\t\t<\/div>\n\t\t\t\t<\/div>\n\t\t\t\t\t<\/div>\n\t\t<\/div>\n\t\t\t\t<div class=\"elementor-column elementor-col-33 elementor-top-column elementor-element elementor-element-3f87ed3 elementor-hidden-desktop elementor-hidden-mobile\" data-id=\"3f87ed3\" data-element_type=\"column\">\n\t\t\t<div class=\"elementor-widget-wrap elementor-element-populated\">\n\t\t\t\t\t\t<div class=\"elementor-element elementor-element-8d72ed5 elementor-widget elementor-widget-image\" data-id=\"8d72ed5\" data-element_type=\"widget\" data-widget_type=\"image.default\">\n\t\t\t\t<div class=\"elementor-widget-container\">\n\t\t\t\t\t\t\t\t\t\t\t\t\t\t\t<img fetchpriority=\"high\" decoding=\"async\" width=\"915\" height=\"1920\" src=\"https:\/\/sasabezjak.si\/wp-content\/uploads\/2021\/08\/biografija.jpg\" class=\"attachment-full size-full wp-image-274\" alt=\"\" srcset=\"https:\/\/sasabezjak.si\/wp-content\/uploads\/2021\/08\/biografija.jpg 915w, https:\/\/sasabezjak.si\/wp-content\/uploads\/2021\/08\/biografija-143x300.jpg 143w, https:\/\/sasabezjak.si\/wp-content\/uploads\/2021\/08\/biografija-488x1024.jpg 488w, https:\/\/sasabezjak.si\/wp-content\/uploads\/2021\/08\/biografija-768x1612.jpg 768w, https:\/\/sasabezjak.si\/wp-content\/uploads\/2021\/08\/biografija-732x1536.jpg 732w, https:\/\/sasabezjak.si\/wp-content\/uploads\/2021\/08\/biografija-830x1742.jpg 830w, https:\/\/sasabezjak.si\/wp-content\/uploads\/2021\/08\/biografija-230x483.jpg 230w, https:\/\/sasabezjak.si\/wp-content\/uploads\/2021\/08\/biografija-350x734.jpg 350w, https:\/\/sasabezjak.si\/wp-content\/uploads\/2021\/08\/biografija-480x1007.jpg 480w, https:\/\/sasabezjak.si\/wp-content\/uploads\/2021\/08\/biografija-600x1259.jpg 600w\" sizes=\"(max-width: 915px) 100vw, 915px\" \/>\t\t\t\t\t\t\t\t\t\t\t\t\t\t\t<\/div>\n\t\t\t\t<\/div>\n\t\t\t\t\t<\/div>\n\t\t<\/div>\n\t\t\t\t\t<\/div>\n\t\t<\/section>\n\t\t\t\t<section class=\"elementor-section elementor-top-section elementor-element elementor-element-68746bf elementor-section-full_width elementor-hidden-tablet elementor-hidden-mobile elementor-section-height-default elementor-section-height-default\" data-id=\"68746bf\" data-element_type=\"section\">\n\t\t\t\t\t\t<div class=\"elementor-container elementor-column-gap-no\">\n\t\t\t\t\t<div class=\"elementor-column elementor-col-100 elementor-top-column elementor-element elementor-element-808917c\" data-id=\"808917c\" data-element_type=\"column\">\n\t\t\t<div class=\"elementor-widget-wrap elementor-element-populated\">\n\t\t\t\t\t\t<div class=\"elementor-element elementor-element-d214227 elementor-widget-divider--view-line elementor-widget elementor-widget-divider\" data-id=\"d214227\" data-element_type=\"widget\" data-widget_type=\"divider.default\">\n\t\t\t\t<div class=\"elementor-widget-container\">\n\t\t\t\t\t\t\t<div class=\"elementor-divider\">\n\t\t\t<span class=\"elementor-divider-separator\">\n\t\t\t\t\t\t<\/span>\n\t\t<\/div>\n\t\t\t\t\t\t<\/div>\n\t\t\t\t<\/div>\n\t\t\t\t<section class=\"elementor-section elementor-inner-section elementor-element elementor-element-8be967b elementor-section-full_width elementor-section-content-top elementor-section-height-default elementor-section-height-default\" data-id=\"8be967b\" data-element_type=\"section\">\n\t\t\t\t\t\t<div class=\"elementor-container elementor-column-gap-wider\">\n\t\t\t\t\t<div class=\"elementor-column elementor-col-50 elementor-inner-column elementor-element elementor-element-7031125\" data-id=\"7031125\" data-element_type=\"column\">\n\t\t\t<div class=\"elementor-widget-wrap elementor-element-populated\">\n\t\t\t\t\t\t<div class=\"elementor-element elementor-element-e1ccae3 elementor-align-left elementor-widget elementor-widget-button\" data-id=\"e1ccae3\" data-element_type=\"widget\" data-widget_type=\"button.default\">\n\t\t\t\t<div class=\"elementor-widget-container\">\n\t\t\t\t\t\t\t\t\t<div class=\"elementor-button-wrapper\">\n\t\t\t\t\t<a class=\"elementor-button elementor-button-link elementor-size-lg\" href=\"https:\/\/sasabezjak.si\/en\/kontakt\/\">\n\t\t\t\t\t\t<span class=\"elementor-button-content-wrapper\">\n\t\t\t\t\t\t\t\t\t<span class=\"elementor-button-text\">Contact<\/span>\n\t\t\t\t\t<\/span>\n\t\t\t\t\t<\/a>\n\t\t\t\t<\/div>\n\t\t\t\t\t\t\t\t<\/div>\n\t\t\t\t<\/div>\n\t\t\t\t<div class=\"elementor-element elementor-element-b3e5d44 elementor-align-left elementor-widget elementor-widget-button\" data-id=\"b3e5d44\" data-element_type=\"widget\" data-widget_type=\"button.default\">\n\t\t\t\t<div class=\"elementor-widget-container\">\n\t\t\t\t\t\t\t\t\t<div class=\"elementor-button-wrapper\">\n\t\t\t\t\t<a class=\"elementor-button elementor-button-link elementor-size-lg\" href=\"https:\/\/sasabezjak.si\/en\/izjava-o-varovanju-osebnih-podatkov\/\">\n\t\t\t\t\t\t<span class=\"elementor-button-content-wrapper\">\n\t\t\t\t\t\t\t\t\t<span class=\"elementor-button-text\">Privacy policy<\/span>\n\t\t\t\t\t<\/span>\n\t\t\t\t\t<\/a>\n\t\t\t\t<\/div>\n\t\t\t\t\t\t\t\t<\/div>\n\t\t\t\t<\/div>\n\t\t\t\t<div class=\"elementor-element elementor-element-db59fd1 elementor-widget__width-auto elementor-view-default elementor-widget elementor-widget-icon\" data-id=\"db59fd1\" data-element_type=\"widget\" data-widget_type=\"icon.default\">\n\t\t\t\t<div class=\"elementor-widget-container\">\n\t\t\t\t\t\t\t<div class=\"elementor-icon-wrapper\">\n\t\t\t<a class=\"elementor-icon\" href=\"https:\/\/www.facebook.com\/profile.php?id=100004186876091\" target=\"_blank\">\n\t\t\t<i aria-hidden=\"true\" class=\"fab fa-facebook-f\"><\/i>\t\t\t<\/a>\n\t\t<\/div>\n\t\t\t\t\t\t<\/div>\n\t\t\t\t<\/div>\n\t\t\t\t<div class=\"elementor-element elementor-element-b87963a elementor-widget__width-auto elementor-view-default elementor-widget elementor-widget-icon\" data-id=\"b87963a\" data-element_type=\"widget\" data-widget_type=\"icon.default\">\n\t\t\t\t<div class=\"elementor-widget-container\">\n\t\t\t\t\t\t\t<div class=\"elementor-icon-wrapper\">\n\t\t\t<a class=\"elementor-icon\" href=\"https:\/\/instagram.com\/sasa.bezjak?igshid=OGQ5ZDc2ODk2ZA==https:\/\/instagram.com\/sasa.bezjak?igshid=OGQ5ZDc2ODk2ZA==\" target=\"_blank\">\n\t\t\t<i aria-hidden=\"true\" class=\"fab fa-instagram\"><\/i>\t\t\t<\/a>\n\t\t<\/div>\n\t\t\t\t\t\t<\/div>\n\t\t\t\t<\/div>\n\t\t\t\t\t<\/div>\n\t\t<\/div>\n\t\t\t\t<div class=\"elementor-column elementor-col-50 elementor-inner-column elementor-element elementor-element-197310f\" data-id=\"197310f\" data-element_type=\"column\">\n\t\t\t<div class=\"elementor-widget-wrap\">\n\t\t\t\t\t\t\t<\/div>\n\t\t<\/div>\n\t\t\t\t\t<\/div>\n\t\t<\/section>\n\t\t\t\t\t<\/div>\n\t\t<\/div>\n\t\t\t\t\t<\/div>\n\t\t<\/section>\n\t\t\t\t<section class=\"elementor-section elementor-top-section elementor-element elementor-element-e249063 elementor-section-full_width elementor-hidden-desktop elementor-section-height-default elementor-section-height-default\" data-id=\"e249063\" data-element_type=\"section\">\n\t\t\t\t\t\t<div class=\"elementor-container elementor-column-gap-no\">\n\t\t\t\t\t<div class=\"elementor-column elementor-col-100 elementor-top-column elementor-element elementor-element-9e3b3e9\" data-id=\"9e3b3e9\" data-element_type=\"column\">\n\t\t\t<div class=\"elementor-widget-wrap elementor-element-populated\">\n\t\t\t\t\t\t<div class=\"elementor-element elementor-element-6387b41 elementor-widget-divider--view-line elementor-widget elementor-widget-divider\" data-id=\"6387b41\" data-element_type=\"widget\" data-widget_type=\"divider.default\">\n\t\t\t\t<div class=\"elementor-widget-container\">\n\t\t\t\t\t\t\t<div class=\"elementor-divider\">\n\t\t\t<span class=\"elementor-divider-separator\">\n\t\t\t\t\t\t<\/span>\n\t\t<\/div>\n\t\t\t\t\t\t<\/div>\n\t\t\t\t<\/div>\n\t\t\t\t<section class=\"elementor-section elementor-inner-section elementor-element elementor-element-eccb742 elementor-section-full_width elementor-section-content-top elementor-section-height-default elementor-section-height-default\" data-id=\"eccb742\" data-element_type=\"section\">\n\t\t\t\t\t\t<div class=\"elementor-container elementor-column-gap-wider\">\n\t\t\t\t\t<div class=\"elementor-column elementor-col-100 elementor-inner-column elementor-element elementor-element-9bf9f42\" data-id=\"9bf9f42\" data-element_type=\"column\">\n\t\t\t<div class=\"elementor-widget-wrap elementor-element-populated\">\n\t\t\t\t\t\t<div class=\"elementor-element elementor-element-99f35bd elementor-align-left elementor-widget elementor-widget-button\" data-id=\"99f35bd\" data-element_type=\"widget\" data-widget_type=\"button.default\">\n\t\t\t\t<div class=\"elementor-widget-container\">\n\t\t\t\t\t\t\t\t\t<div class=\"elementor-button-wrapper\">\n\t\t\t\t\t<a class=\"elementor-button elementor-button-link elementor-size-lg\" href=\"https:\/\/sasabezjak.si\/en\/kontakt\/\">\n\t\t\t\t\t\t<span class=\"elementor-button-content-wrapper\">\n\t\t\t\t\t\t\t\t\t<span class=\"elementor-button-text\">Contact<\/span>\n\t\t\t\t\t<\/span>\n\t\t\t\t\t<\/a>\n\t\t\t\t<\/div>\n\t\t\t\t\t\t\t\t<\/div>\n\t\t\t\t<\/div>\n\t\t\t\t<div class=\"elementor-element elementor-element-d98f63b elementor-align-left elementor-widget elementor-widget-button\" data-id=\"d98f63b\" data-element_type=\"widget\" data-widget_type=\"button.default\">\n\t\t\t\t<div class=\"elementor-widget-container\">\n\t\t\t\t\t\t\t\t\t<div class=\"elementor-button-wrapper\">\n\t\t\t\t\t<a class=\"elementor-button elementor-button-link elementor-size-lg\" href=\"https:\/\/sasabezjak.si\/en\/izjava-o-varovanju-osebnih-podatkov\/\">\n\t\t\t\t\t\t<span class=\"elementor-button-content-wrapper\">\n\t\t\t\t\t\t\t\t\t<span class=\"elementor-button-text\">Privacy policy<\/span>\n\t\t\t\t\t<\/span>\n\t\t\t\t\t<\/a>\n\t\t\t\t<\/div>\n\t\t\t\t\t\t\t\t<\/div>\n\t\t\t\t<\/div>\n\t\t\t\t<div class=\"elementor-element elementor-element-923f41a elementor-widget__width-auto elementor-view-default elementor-widget elementor-widget-icon\" data-id=\"923f41a\" data-element_type=\"widget\" data-widget_type=\"icon.default\">\n\t\t\t\t<div class=\"elementor-widget-container\">\n\t\t\t\t\t\t\t<div class=\"elementor-icon-wrapper\">\n\t\t\t<a class=\"elementor-icon\" href=\"https:\/\/www.facebook.com\/profile.php?id=100004186876091\" target=\"_blank\">\n\t\t\t<i aria-hidden=\"true\" class=\"fab fa-facebook-f\"><\/i>\t\t\t<\/a>\n\t\t<\/div>\n\t\t\t\t\t\t<\/div>\n\t\t\t\t<\/div>\n\t\t\t\t<div class=\"elementor-element elementor-element-150d00b elementor-widget__width-auto elementor-view-default elementor-widget elementor-widget-icon\" data-id=\"150d00b\" data-element_type=\"widget\" data-widget_type=\"icon.default\">\n\t\t\t\t<div class=\"elementor-widget-container\">\n\t\t\t\t\t\t\t<div class=\"elementor-icon-wrapper\">\n\t\t\t<a class=\"elementor-icon\" href=\"https:\/\/instagram.com\/sasa.bezjak?igshid=OGQ5ZDc2ODk2ZA==https:\/\/instagram.com\/sasa.bezjak?igshid=OGQ5ZDc2ODk2ZA==\" target=\"_blank\">\n\t\t\t<i aria-hidden=\"true\" class=\"fab fa-instagram\"><\/i>\t\t\t<\/a>\n\t\t<\/div>\n\t\t\t\t\t\t<\/div>\n\t\t\t\t<\/div>\n\t\t\t\t\t<\/div>\n\t\t<\/div>\n\t\t\t\t\t<\/div>\n\t\t<\/section>\n\t\t\t\t\t<\/div>\n\t\t<\/div>\n\t\t\t\t\t<\/div>\n\t\t<\/section>\n\t\t\t\t<\/div>","protected":false},"excerpt":{"rendered":"<p>Biografija Sa\u0161a Bezjak, rojena leta 1971 v Mariboru, je leta 1999 pod mentorstvom profesorja kiparstva Darka Golije diplomirala iz likovne pedagogike na Pedago\u0161ki fakulteti v Mariboru, leta 2001 pa pod mentorstvom profesoric Metke Kra\u0161ovec in dr. Nadje Zgonik iz slikarstva na Akademiji za likovno umetnost v Ljubljani. Tam je zaklju\u010dila tudi magistrski \u0161tudij kiparstva pri [&hellip;]<\/p>","protected":false},"author":1,"featured_media":0,"parent":0,"menu_order":0,"comment_status":"closed","ping_status":"closed","template":"page-templates\/page_front-page.php","meta":{"footnotes":""},"class_list":["post-271","page","type-page","status-publish","hentry"],"_links":{"self":[{"href":"https:\/\/sasabezjak.si\/en\/wp-json\/wp\/v2\/pages\/271","targetHints":{"allow":["GET"]}}],"collection":[{"href":"https:\/\/sasabezjak.si\/en\/wp-json\/wp\/v2\/pages"}],"about":[{"href":"https:\/\/sasabezjak.si\/en\/wp-json\/wp\/v2\/types\/page"}],"author":[{"embeddable":true,"href":"https:\/\/sasabezjak.si\/en\/wp-json\/wp\/v2\/users\/1"}],"replies":[{"embeddable":true,"href":"https:\/\/sasabezjak.si\/en\/wp-json\/wp\/v2\/comments?post=271"}],"version-history":[{"count":216,"href":"https:\/\/sasabezjak.si\/en\/wp-json\/wp\/v2\/pages\/271\/revisions"}],"predecessor-version":[{"id":2542,"href":"https:\/\/sasabezjak.si\/en\/wp-json\/wp\/v2\/pages\/271\/revisions\/2542"}],"wp:attachment":[{"href":"https:\/\/sasabezjak.si\/en\/wp-json\/wp\/v2\/media?parent=271"}],"curies":[{"name":"wp","href":"https:\/\/api.w.org\/{rel}","templated":true}]}}